{"id":749,"date":"2019-06-25T20:37:31","date_gmt":"2019-06-25T20:37:31","guid":{"rendered":"http:\/\/orlyargentina.com\/es\/producto\/orly-mind-over-matter\/"},"modified":"2019-10-31T00:54:17","modified_gmt":"2019-10-31T00:54:17","slug":"orly-mind-over-matter","status":"publish","type":"product","link":"http:\/\/orlyargentina.com\/es\/producto\/orly-mind-over-matter\/","title":{"rendered":"Orly Mind Over Matter"},"content":{"rendered":"","protected":false},"excerpt":{"rendered":"<p>El esmalte de u\u00f1as transpirable ORLY Mind Over Matter es un esmalte de u\u00f1as negro oscuro que se asemeja a la piedra semipreciosa, el \u00f3nix o las profundidades del espacio exterior creando una sensaci\u00f3n de opulencia y lujo. Este esmalte de u\u00f1as negro tiene un ligero brillo que enfatiza esa sensaci\u00f3n de lujo.<\/p>\n<p>Simplemente aplique 2 capas del esmalte de u\u00f1as transpirable ORLY Mind Over Matter para crear una apariencia opaca.<\/p>\n<p>Para u\u00f1as m\u00e1s fuertes y sanas<br \/>\nF\u00f3rmula transpirable previene el desconchado y el pelado<br \/>\nNo se requiere capa de base o capa de acabado<br \/>\nInfundido con aceite de Arg\u00e1n, Pro Vitamina B5 + Vitamina C<\/p>\n","protected":false},"featured_media":748,"template":"","meta":[],"product_brand":[],"product_cat":[17],"product_tag":[],"class_list":{"0":"post-749","1":"product","2":"type-product","3":"status-publish","4":"has-post-thumbnail","6":"product_cat-breathable","8":"first","9":"instock","10":"product-type-simple"},"_links":{"self":[{"href":"http:\/\/orlyargentina.com\/es\/wp-json\/wp\/v2\/product\/749","targetHints":{"allow":["GET"]}}],"collection":[{"href":"http:\/\/orlyargentina.com\/es\/wp-json\/wp\/v2\/product"}],"about":[{"href":"http:\/\/orlyargentina.com\/es\/wp-json\/wp\/v2\/types\/product"}],"wp:featuredmedia":[{"embeddable":true,"href":"http:\/\/orlyargentina.com\/es\/wp-json\/wp\/v2\/media\/748"}],"wp:attachment":[{"href":"http:\/\/orlyargentina.com\/es\/wp-json\/wp\/v2\/media?parent=749"}],"wp:term":[{"taxonomy":"product_brand","embeddable":true,"href":"http:\/\/orlyargentina.com\/es\/wp-json\/wp\/v2\/product_brand?post=749"},{"taxonomy":"product_cat","embeddable":true,"href":"http:\/\/orlyargentina.com\/es\/wp-json\/wp\/v2\/product_cat?post=749"},{"taxonomy":"product_tag","embeddable":true,"href":"http:\/\/orlyargentina.com\/es\/wp-json\/wp\/v2\/product_tag?post=749"}],"curies":[{"name":"wp","href":"https:\/\/api.w.org\/{rel}","templated":true}]}}